{"id":20934,"date":"2024-01-18T08:24:45","date_gmt":"2024-01-18T07:24:45","guid":{"rendered":"https:\/\/kbs.heberger.co\/heberger-group\/"},"modified":"2025-11-13T11:56:03","modified_gmt":"2025-11-13T10:56:03","slug":"o-nas","status":"publish","type":"page","link":"https:\/\/kbs.heberger.co\/cs\/o-nas\/","title":{"rendered":"O n\u00e1s"},"content":{"rendered":"<div class=\"wpb-content-wrapper\"><p>[vc_row full_width=&#8220;stretch_row_content_no_spaces&#8220; row_btt_skin=&#8220;light&#8220; row_background_text_position=&#8220;front&#8220; row_skin=&#8220;dark&#8220; css=&#8220;.vc_custom_1707307705091{background-position: center !important;background-repeat: no-repeat !important;background-size: cover !important;}&#8220; el_class=&#8220;teaser-top&#8220;][vc_column]<div class=\"mkdf-single-image-holder   \">\n    <div class=\"mkdf-si-inner\" >\n                                    <img loading=\"lazy\" decoding=\"async\" width=\"2560\" height=\"538\" src=\"https:\/\/kbs.heberger.co\/wp-content\/uploads\/2025\/10\/teaser-tragwerk2-1-scaled.jpg\" class=\"attachment-full size-full\" alt=\"\" srcset=\"https:\/\/kbs.heberger.co\/wp-content\/uploads\/2025\/10\/teaser-tragwerk2-1-scaled.jpg 2560w, https:\/\/kbs.heberger.co\/wp-content\/uploads\/2025\/10\/teaser-tragwerk2-1-300x63.jpg 300w, https:\/\/kbs.heberger.co\/wp-content\/uploads\/2025\/10\/teaser-tragwerk2-1-1024x215.jpg 1024w, https:\/\/kbs.heberger.co\/wp-content\/uploads\/2025\/10\/teaser-tragwerk2-1-150x32.jpg 150w, https:\/\/kbs.heberger.co\/wp-content\/uploads\/2025\/10\/teaser-tragwerk2-1-768x161.jpg 768w, https:\/\/kbs.heberger.co\/wp-content\/uploads\/2025\/10\/teaser-tragwerk2-1-1536x323.jpg 1536w\" sizes=\"auto, (max-width: 2560px) 100vw, 2560px\" \/>                        <\/div>\n<\/div>[\/vc_column][\/vc_row][vc_row row_btt_skin=&#8220;light&#8220; row_background_text_position=&#8220;front&#8220; css=&#8220;.vc_custom_1707307732610{margin-top: -20px !important;margin-left: 20px !important;}&#8220;][vc_column offset=&#8220;vc_col-lg-offset-0&#8243; css=&#8220;.vc_custom_1707307799768{margin-top: -20px !important;}&#8220;][vc_raw_html]JTVCYnJlYWRjcnVtYiU1RA==[\/vc_raw_html][vc_empty_space height=&#8220;120px&#8220; el_class=&#8220;.platzhalter-min1024&#8243;][\/vc_column][\/vc_row][vc_row row_content_width=&#8220;grid&#8220; row_btt_skin=&#8220;light&#8220; row_background_text_position=&#8220;front&#8220; el_class=&#8220;teaser-featured&#8220;][vc_column el_class=&#8220;he-teaser-content-onlytxt grau he-teaser-content-imagetxt&#8220;]<div class=\"mkdf-section-title-holder  mkdf-st-standard mkdf-st-title-left mkdf-st-normal-space \" >\n\t<div class=\"mkdf-st-inner\">\n                    <h6 class=\"mkdf-st-intro-title\" style=\"color: #061b3f\">\n                KBS od roku 2003            <\/h6>\n        \t\t\t\t\t<h4 class=\"mkdf-st-title\" style=\"color: #061b3f\">\n\t\t\t\tSou\u010d\u00e1st siln\u00e9 rodiny skupiny HEBERGER\t\t\t<\/h4>\n\t\t\t\t\t\t\t<h5 class=\"mkdf-st-text\" style=\"font-size: 20px;font-weight: 400\">\n\t\t\t\tS na\u0161imi z\u00e1kazn\u00edky spolupracujeme f\u00e9rov\u011b a partnersky a vyu\u017e\u00edv\u00e1me synergie v r\u00e1mci na\u0161\u00ed firemn\u00ed rodiny. Odbornost a kvalita jsou na\u0161\u00edm kapit\u00e1lem pro budov\u00e1n\u00ed dlouhodob\u00fdch vztah\u016f se z\u00e1kazn\u00edky. Ka\u017ed\u00fd zam\u011bstnanec p\u0159isp\u00edv\u00e1 sv\u00fdm v\u00fdkonem k napln\u011bn\u00ed o\u010dek\u00e1v\u00e1n\u00ed na\u0161ich z\u00e1kazn\u00edk\u016f. \u00dasp\u011b\u0161n\u00ed m\u016f\u017eeme z\u016fstat pouze tehdy, kdy\u017e se budeme neust\u00e1le zlep\u0161ovat.\t\t\t<\/h5>\n\t\t\t<\/div>\n<\/div><div class=\"mkdf-section-title-holder kbsabst mkdf-st-standard mkdf-st-title-left mkdf-st-normal-space \" >\n\t<div class=\"mkdf-st-inner\">\n        \t\t\t\t\t<h4 class=\"mkdf-st-title\" style=\"color: #061b3f\">\n\t\t\t\tMate\u0159sk\u00e1 spole\u010dnost\t\t\t<\/h4>\n\t\t\t\t\t<\/div>\n<\/div>[vc_row_inner el_class=&#8220;he3spadresse&#8220;][vc_column_inner width=&#8220;1\/3&#8243;][vc_column_text css=&#8220;&#8220;]<strong>HEBERGER GmbH<\/strong><br \/>\nWaldspitzweg 3<br \/>\n67105 Schifferstadt<br \/>\nDeutschland \/ Germany<br \/>\nTel + 49 62 35 930-0<br \/>\nFax + 49 62 35 930-237<br \/>\n<a href=\"mailto:info@heberger.com\">info@heberger.com<\/a>[\/vc_column_text][\/vc_column_inner][vc_column_inner width=&#8220;1\/3&#8243;][\/vc_column_inner][vc_column_inner width=&#8220;1\/3&#8243;][\/vc_column_inner][\/vc_row_inner]<div class=\"mkdf-section-title-holder kbsabst mkdf-st-standard mkdf-st-title-left mkdf-st-normal-space \" >\n\t<div class=\"mkdf-st-inner\">\n        \t\t\t\t\t<h4 class=\"mkdf-st-title\" style=\"color: #061b3f\">\n\t\t\t\tPartner\t\t\t<\/h4>\n\t\t\t\t\t<\/div>\n<\/div>[vc_row_inner el_class=&#8220;he3spadresse&#8220;][vc_column_inner width=&#8220;1\/4&#8243;][vc_column_text css=&#8220;&#8220; el_class=&#8220;kbslist&#8220;]<strong>HEBERGER CZ s.r.o.<\/strong><\/p>\n<ul>\n<li><span dir=\"auto\"><span dir=\"auto\">Implementace n\u00e1vrhu<\/span><\/span><\/li>\n<li><span dir=\"auto\"><span dir=\"auto\">N\u00e1vrh budovy<\/span><\/span><\/li>\n<li><span dir=\"auto\"><span dir=\"auto\">Konzultace ve stavebnictv\u00ed a designu<\/span><\/span><\/li>\n<\/ul>\n<p>Tepl\u00e1rensk\u00e1 608\/11,<br \/>\n108 00 Praha 10 \u2013 Male\u0161ice<br \/>\nTel. + 420 244 000 111<br \/>\nFax + 420 244 000 112<br \/>\n<a href=\"mailto:heberger@heberger.cz\">heberger@heberger.cz<\/a>[\/vc_column_text][\/vc_column_inner][vc_column_inner width=&#8220;1\/4&#8243;][vc_column_text css=&#8220;&#8220; el_class=&#8220;kbslist&#8220;]<strong>CEMEX Male\u0161ice s.r.o.<\/strong><\/p>\n<ul>\n<li><span dir=\"auto\"><span dir=\"auto\">V\u00fdroba betonov\u00fdch sm\u011bs\u00ed \u2013 Praha<\/span><\/span><\/li>\n<li><span dir=\"auto\"><span dir=\"auto\">Lit\u00e9 betonov\u00e9 sm\u011bsi<\/span><\/span><\/li>\n<li><span dir=\"auto\"><span dir=\"auto\">Prodej betonov\u00fdch sm\u011bs\u00ed<\/span><\/span><\/li>\n<\/ul>\n<p>Tepl\u00e1rensk\u00e1 608\/11,<br \/>\n108 00 Praha 10 \u2013 Male\u0161ice<br \/>\nTel. + 420 272 704 932<br \/>\nFax + 420 272 704 360[\/vc_column_text][\/vc_column_inner][vc_column_inner width=&#8220;1\/4&#8243;][vc_column_text css=&#8220;&#8220; el_class=&#8220;kbslist&#8220;]<strong>HELLWEG-Badsysteme GmbH &amp; Co KG<\/strong><\/p>\n<ul>\n<li><span dir=\"auto\"><span dir=\"auto\">Modul\u00e1rn\u00ed prefabrikovan\u00e9 betonov\u00e9 vany<\/span><\/span><\/li>\n<li><span dir=\"auto\"><span dir=\"auto\">Navrhov\u00e1n\u00ed jednotliv\u00fdch koupelnov\u00fdch jednotek<\/span><\/span><\/li>\n<li><span dir=\"auto\"><span dir=\"auto\">Kompletn\u00ed bytov\u00e9 jednotky z betonu<\/span><\/span><\/li>\n<\/ul>\n<p>Waldspitzweg 3<br \/>\n67105\u00a0Schifferstadt<br \/>\nDeutschland \/ Germany<br \/>\n<a href=\"mailto:info@hellweg-badsysteme.de\">info@hellweg-badsysteme.de<\/a>[\/vc_column_text][\/vc_column_inner][vc_column_inner width=&#8220;1\/4&#8243;][vc_column_text css=&#8220;&#8220; el_class=&#8220;kbslist&#8220;]<strong>PREFA PRAHA a.s.<\/strong><\/p>\n<ul>\n<li><span dir=\"auto\"><span dir=\"auto\">Prefabrikovan\u00e9 betonov\u00e9 prvky v\u0161ech velikost\u00ed<\/span><\/span><\/li>\n<li><span dir=\"auto\"><span dir=\"auto\">Stropn\u00ed panely Spiroll<\/span><\/span><\/li>\n<li><span dir=\"auto\"><span dir=\"auto\">Ploch\u00e9 prvky<\/span><\/span><\/li>\n<li><span dir=\"auto\"><span dir=\"auto\">Podp\u016frn\u00e9 prvky<\/span><\/span><\/li>\n<li><span dir=\"auto\"><span dir=\"auto\">Betonov\u00e9 nosn\u00edky<\/span><\/span><\/li>\n<\/ul>\n<p>Tepl\u00e1rensk\u00e1 608\/11,<br \/>\n108 00 Praha 10 \u2013 Male\u0161ice<br \/>\nTel. + 420 281 031 111<br \/>\n<a href=\"mailto:prefa@prefa-praha.cz\">prefa@prefa-praha.cz<\/a>[\/vc_column_text][\/vc_column_inner][\/vc_row_inner][\/vc_column][\/vc_row]<\/p>\n<\/div>","protected":false},"excerpt":{"rendered":"<p>[vc_row full_width=&#8220;stretch_row_content_no_spaces&#8220; row_btt_skin=&#8220;light&#8220; row_background_text_position=&#8220;front&#8220; row_skin=&#8220;dark&#8220; css=&#8220;.vc_custom_1707307705091{background-position: center !important;background-repeat: no-repeat !important;background-size: cover !important;}&#8220; el_class=&#8220;teaser-top&#8220;][vc_column][\/vc_column][\/vc_row][vc_row row_btt_skin=&#8220;light&#8220; row_background_text_position=&#8220;front&#8220; css=&#8220;.vc_custom_1707307732610{margin-top: -20px !important;margin-left: 20px !important;}&#8220;][vc_column offset=&#8220;vc_col-lg-offset-0&#8243; css=&#8220;.vc_custom_1707307799768{margin-top: -20px !important;}&#8220;][vc_raw_html]JTVCYnJlYWRjcnVtYiU1RA==[\/vc_raw_html][vc_empty_space height=&#8220;120px&#8220; el_class=&#8220;.platzhalter-min1024&#8243;][\/vc_column][\/vc_row][vc_row row_content_width=&#8220;grid&#8220; row_btt_skin=&#8220;light&#8220; row_background_text_position=&#8220;front&#8220; el_class=&#8220;teaser-featured&#8220;][vc_column el_class=&#8220;he-teaser-content-onlytxt grau he-teaser-content-imagetxt&#8220;][vc_row_inner el_class=&#8220;he3spadresse&#8220;][vc_column_inner width=&#8220;1\/3&#8243;][vc_column_text css=&#8220;&#8220;]HEBERGER GmbH Waldspitzweg 3 67105 [&hellip;]<\/p>\n","protected":false},"author":1,"featured_media":0,"parent":0,"menu_order":0,"comment_status":"closed","ping_status":"closed","template":"","meta":{"footnotes":""},"class_list":["post-20934","page","type-page","status-publish","hentry"],"yoast_head":"<!-- This site is optimized with the Yoast SEO plugin v26.6 - https:\/\/yoast.com\/wordpress\/plugins\/seo\/ -->\n<title>HEBERGER - O n\u00e1s<\/title>\n<meta name=\"description\" content=\"Bei der HEBERGER Gruppe steht der Kunde f\u00fcr uns immer an erster Stelle. Viele unserer Partnerschaften bestehen bereits seit Jahren, manchmal handelt es sich um den ersten Kontakt. In jedem Fall setzen wir uns mit voller Energie f\u00fcr die Interessen unserer Kunden ein. Dabei geht es uns um mehr als nur die Umsetzung von Pl\u00e4nen: Wir h\u00f6ren aufmerksam zu, entwickeln ein tiefes Verst\u00e4ndnis f\u00fcr die Bed\u00fcrfnisse unserer Kunden, planen gemeinsam die Vorgehensweise und schaffen Transparenz in allen Prozessen. Unser oberstes Ziel ist stets die Kundenzufriedenheit.\" \/>\n<meta name=\"robots\" content=\"index, follow, max-snippet:-1, max-image-preview:large, max-video-preview:-1\" \/>\n<link rel=\"canonical\" href=\"https:\/\/kbs.heberger.co\/cs\/o-nas\/\" \/>\n<meta property=\"og:locale\" content=\"cs_CZ\" \/>\n<meta property=\"og:type\" content=\"article\" \/>\n<meta property=\"og:title\" content=\"HEBERGER - O n\u00e1s\" \/>\n<meta property=\"og:description\" content=\"Bei der HEBERGER Gruppe steht der Kunde f\u00fcr uns immer an erster Stelle. Viele unserer Partnerschaften bestehen bereits seit Jahren, manchmal handelt es sich um den ersten Kontakt. In jedem Fall setzen wir uns mit voller Energie f\u00fcr die Interessen unserer Kunden ein. Dabei geht es uns um mehr als nur die Umsetzung von Pl\u00e4nen: Wir h\u00f6ren aufmerksam zu, entwickeln ein tiefes Verst\u00e4ndnis f\u00fcr die Bed\u00fcrfnisse unserer Kunden, planen gemeinsam die Vorgehensweise und schaffen Transparenz in allen Prozessen. Unser oberstes Ziel ist stets die Kundenzufriedenheit.\" \/>\n<meta property=\"og:url\" content=\"https:\/\/kbs.heberger.co\/cs\/o-nas\/\" \/>\n<meta property=\"og:site_name\" content=\"HEBERGER\" \/>\n<meta property=\"article:publisher\" content=\"https:\/\/www.facebook.com\/hebergerbau\" \/>\n<meta property=\"article:modified_time\" content=\"2025-11-13T10:56:03+00:00\" \/>\n<meta name=\"twitter:card\" content=\"summary_large_image\" \/>\n<meta name=\"twitter:label1\" content=\"Odhadovan\u00e1 doba \u010dten\u00ed\" \/>\n\t<meta name=\"twitter:data1\" content=\"2 minuty\" \/>\n<script type=\"application\/ld+json\" class=\"yoast-schema-graph\">{\"@context\":\"https:\/\/schema.org\",\"@graph\":[{\"@type\":\"WebPage\",\"@id\":\"https:\/\/kbs.heberger.co\/cs\/o-nas\/\",\"url\":\"https:\/\/kbs.heberger.co\/cs\/o-nas\/\",\"name\":\"HEBERGER - O n\u00e1s\",\"isPartOf\":{\"@id\":\"https:\/\/kbs.heberger.co\/cs\/#website\"},\"datePublished\":\"2024-01-18T07:24:45+00:00\",\"dateModified\":\"2025-11-13T10:56:03+00:00\",\"description\":\"Bei der HEBERGER Gruppe steht der Kunde f\u00fcr uns immer an erster Stelle. Viele unserer Partnerschaften bestehen bereits seit Jahren, manchmal handelt es sich um den ersten Kontakt. In jedem Fall setzen wir uns mit voller Energie f\u00fcr die Interessen unserer Kunden ein. Dabei geht es uns um mehr als nur die Umsetzung von Pl\u00e4nen: Wir h\u00f6ren aufmerksam zu, entwickeln ein tiefes Verst\u00e4ndnis f\u00fcr die Bed\u00fcrfnisse unserer Kunden, planen gemeinsam die Vorgehensweise und schaffen Transparenz in allen Prozessen. Unser oberstes Ziel ist stets die Kundenzufriedenheit.\",\"breadcrumb\":{\"@id\":\"https:\/\/kbs.heberger.co\/cs\/o-nas\/#breadcrumb\"},\"inLanguage\":\"cs\",\"potentialAction\":[{\"@type\":\"ReadAction\",\"target\":[\"https:\/\/kbs.heberger.co\/cs\/o-nas\/\"]}]},{\"@type\":\"BreadcrumbList\",\"@id\":\"https:\/\/kbs.heberger.co\/cs\/o-nas\/#breadcrumb\",\"itemListElement\":[{\"@type\":\"ListItem\",\"position\":1,\"name\":\"Startseite\",\"item\":\"https:\/\/kbs.heberger.co\/cs\/\"},{\"@type\":\"ListItem\",\"position\":2,\"name\":\"O n\u00e1s\"}]},{\"@type\":\"WebSite\",\"@id\":\"https:\/\/kbs.heberger.co\/cs\/#website\",\"url\":\"https:\/\/kbs.heberger.co\/cs\/\",\"name\":\"HEBERGER\",\"description\":\"Planen - Beraten - Bauen\",\"publisher\":{\"@id\":\"https:\/\/kbs.heberger.co\/cs\/#organization\"},\"potentialAction\":[{\"@type\":\"SearchAction\",\"target\":{\"@type\":\"EntryPoint\",\"urlTemplate\":\"https:\/\/kbs.heberger.co\/cs\/?s={search_term_string}\"},\"query-input\":{\"@type\":\"PropertyValueSpecification\",\"valueRequired\":true,\"valueName\":\"search_term_string\"}}],\"inLanguage\":\"cs\"},{\"@type\":\"Organization\",\"@id\":\"https:\/\/kbs.heberger.co\/cs\/#organization\",\"name\":\"HEBERGER GRUPPE\",\"url\":\"https:\/\/kbs.heberger.co\/cs\/\",\"logo\":{\"@type\":\"ImageObject\",\"inLanguage\":\"cs\",\"@id\":\"https:\/\/kbs.heberger.co\/cs\/#\/schema\/logo\/image\/\",\"url\":\"\",\"contentUrl\":\"\",\"caption\":\"HEBERGER GRUPPE\"},\"image\":{\"@id\":\"https:\/\/kbs.heberger.co\/cs\/#\/schema\/logo\/image\/\"},\"sameAs\":[\"https:\/\/www.facebook.com\/hebergerbau\"]}]}<\/script>\n<!-- \/ Yoast SEO plugin. -->","yoast_head_json":{"title":"HEBERGER - O n\u00e1s","description":"Bei der HEBERGER Gruppe steht der Kunde f\u00fcr uns immer an erster Stelle. Viele unserer Partnerschaften bestehen bereits seit Jahren, manchmal handelt es sich um den ersten Kontakt. In jedem Fall setzen wir uns mit voller Energie f\u00fcr die Interessen unserer Kunden ein. Dabei geht es uns um mehr als nur die Umsetzung von Pl\u00e4nen: Wir h\u00f6ren aufmerksam zu, entwickeln ein tiefes Verst\u00e4ndnis f\u00fcr die Bed\u00fcrfnisse unserer Kunden, planen gemeinsam die Vorgehensweise und schaffen Transparenz in allen Prozessen. Unser oberstes Ziel ist stets die Kundenzufriedenheit.","robots":{"index":"index","follow":"follow","max-snippet":"max-snippet:-1","max-image-preview":"max-image-preview:large","max-video-preview":"max-video-preview:-1"},"canonical":"https:\/\/kbs.heberger.co\/cs\/o-nas\/","og_locale":"cs_CZ","og_type":"article","og_title":"HEBERGER - O n\u00e1s","og_description":"Bei der HEBERGER Gruppe steht der Kunde f\u00fcr uns immer an erster Stelle. Viele unserer Partnerschaften bestehen bereits seit Jahren, manchmal handelt es sich um den ersten Kontakt. In jedem Fall setzen wir uns mit voller Energie f\u00fcr die Interessen unserer Kunden ein. Dabei geht es uns um mehr als nur die Umsetzung von Pl\u00e4nen: Wir h\u00f6ren aufmerksam zu, entwickeln ein tiefes Verst\u00e4ndnis f\u00fcr die Bed\u00fcrfnisse unserer Kunden, planen gemeinsam die Vorgehensweise und schaffen Transparenz in allen Prozessen. Unser oberstes Ziel ist stets die Kundenzufriedenheit.","og_url":"https:\/\/kbs.heberger.co\/cs\/o-nas\/","og_site_name":"HEBERGER","article_publisher":"https:\/\/www.facebook.com\/hebergerbau","article_modified_time":"2025-11-13T10:56:03+00:00","twitter_card":"summary_large_image","twitter_misc":{"Odhadovan\u00e1 doba \u010dten\u00ed":"2 minuty"},"schema":{"@context":"https:\/\/schema.org","@graph":[{"@type":"WebPage","@id":"https:\/\/kbs.heberger.co\/cs\/o-nas\/","url":"https:\/\/kbs.heberger.co\/cs\/o-nas\/","name":"HEBERGER - O n\u00e1s","isPartOf":{"@id":"https:\/\/kbs.heberger.co\/cs\/#website"},"datePublished":"2024-01-18T07:24:45+00:00","dateModified":"2025-11-13T10:56:03+00:00","description":"Bei der HEBERGER Gruppe steht der Kunde f\u00fcr uns immer an erster Stelle. Viele unserer Partnerschaften bestehen bereits seit Jahren, manchmal handelt es sich um den ersten Kontakt. In jedem Fall setzen wir uns mit voller Energie f\u00fcr die Interessen unserer Kunden ein. Dabei geht es uns um mehr als nur die Umsetzung von Pl\u00e4nen: Wir h\u00f6ren aufmerksam zu, entwickeln ein tiefes Verst\u00e4ndnis f\u00fcr die Bed\u00fcrfnisse unserer Kunden, planen gemeinsam die Vorgehensweise und schaffen Transparenz in allen Prozessen. Unser oberstes Ziel ist stets die Kundenzufriedenheit.","breadcrumb":{"@id":"https:\/\/kbs.heberger.co\/cs\/o-nas\/#breadcrumb"},"inLanguage":"cs","potentialAction":[{"@type":"ReadAction","target":["https:\/\/kbs.heberger.co\/cs\/o-nas\/"]}]},{"@type":"BreadcrumbList","@id":"https:\/\/kbs.heberger.co\/cs\/o-nas\/#breadcrumb","itemListElement":[{"@type":"ListItem","position":1,"name":"Startseite","item":"https:\/\/kbs.heberger.co\/cs\/"},{"@type":"ListItem","position":2,"name":"O n\u00e1s"}]},{"@type":"WebSite","@id":"https:\/\/kbs.heberger.co\/cs\/#website","url":"https:\/\/kbs.heberger.co\/cs\/","name":"HEBERGER","description":"Planen - Beraten - Bauen","publisher":{"@id":"https:\/\/kbs.heberger.co\/cs\/#organization"},"potentialAction":[{"@type":"SearchAction","target":{"@type":"EntryPoint","urlTemplate":"https:\/\/kbs.heberger.co\/cs\/?s={search_term_string}"},"query-input":{"@type":"PropertyValueSpecification","valueRequired":true,"valueName":"search_term_string"}}],"inLanguage":"cs"},{"@type":"Organization","@id":"https:\/\/kbs.heberger.co\/cs\/#organization","name":"HEBERGER GRUPPE","url":"https:\/\/kbs.heberger.co\/cs\/","logo":{"@type":"ImageObject","inLanguage":"cs","@id":"https:\/\/kbs.heberger.co\/cs\/#\/schema\/logo\/image\/","url":"","contentUrl":"","caption":"HEBERGER GRUPPE"},"image":{"@id":"https:\/\/kbs.heberger.co\/cs\/#\/schema\/logo\/image\/"},"sameAs":["https:\/\/www.facebook.com\/hebergerbau"]}]}},"_links":{"self":[{"href":"https:\/\/kbs.heberger.co\/cs\/wp-json\/wp\/v2\/pages\/20934","targetHints":{"allow":["GET"]}}],"collection":[{"href":"https:\/\/kbs.heberger.co\/cs\/wp-json\/wp\/v2\/pages"}],"about":[{"href":"https:\/\/kbs.heberger.co\/cs\/wp-json\/wp\/v2\/types\/page"}],"author":[{"embeddable":true,"href":"https:\/\/kbs.heberger.co\/cs\/wp-json\/wp\/v2\/users\/1"}],"replies":[{"embeddable":true,"href":"https:\/\/kbs.heberger.co\/cs\/wp-json\/wp\/v2\/comments?post=20934"}],"version-history":[{"count":8,"href":"https:\/\/kbs.heberger.co\/cs\/wp-json\/wp\/v2\/pages\/20934\/revisions"}],"predecessor-version":[{"id":23011,"href":"https:\/\/kbs.heberger.co\/cs\/wp-json\/wp\/v2\/pages\/20934\/revisions\/23011"}],"wp:attachment":[{"href":"https:\/\/kbs.heberger.co\/cs\/wp-json\/wp\/v2\/media?parent=20934"}],"curies":[{"name":"wp","href":"https:\/\/api.w.org\/{rel}","templated":true}]}}