{"id":20951,"date":"2023-03-27T07:22:17","date_gmt":"2023-03-27T05:22:17","guid":{"rendered":"https:\/\/kbs.heberger.co\/imprint\/"},"modified":"2025-10-16T09:10:35","modified_gmt":"2025-10-16T07:10:35","slug":"otisk","status":"publish","type":"page","link":"https:\/\/kbs.heberger.co\/cs\/otisk\/","title":{"rendered":"Otisk"},"content":{"rendered":"<div class=\"wpb-content-wrapper\"><p>[vc_row row_btt_skin=&#8220;light&#8220; row_background_text_position=&#8220;front&#8220;][vc_column][vc_column_text css=&#8220;&#8220;]<\/p>\n<article class=\"main-content\" role=\"article\">\n<section class=\"section \">\n<div class=\"section-content\">\n<div class=\"row column\">\n<h2><strong>Otisk<\/strong><\/h2>\n<\/div>\n<\/div>\n<\/section>\n<\/article>\n<p>[\/vc_column_text][\/vc_column][\/vc_row][vc_row row_btt_skin=&#8220;light&#8220; row_background_text_position=&#8220;front&#8220;][vc_column][vc_empty_space height=&#8220;60px&#8220;][\/vc_column][\/vc_row][vc_row row_btt_skin=&#8220;light&#8220; row_background_text_position=&#8220;front&#8220;][vc_column width=&#8220;1\/2&#8243;][vc_column_text css=&#8220;&#8220;]<\/p>\n<article class=\"main-content\" role=\"article\">\n<section class=\"section \">\n<div class=\"section-content\">\n<div class=\"row column\">\n<p><strong>Editor<\/strong><br \/>\nKBS in\u017een\u00fdrsk\u00e1 projektov\u00e1 kancel\u00e1\u0159 s.r.o<br \/>\nTepl\u00e1rensk\u00e1 608\/11<br \/>\n108 00 Praha 10<br \/>\nTelefon +420 270 006 777<br \/>\nE-Mail: <a href=\"mailto:kbs@kbs-praha.cz\">kbs@kbs-praha.cz<\/a><\/p>\n<\/div>\n<\/div>\n<\/section>\n<\/article>\n<p>[\/vc_column_text][\/vc_column][vc_column width=&#8220;1\/2&#8243;][\/vc_column][\/vc_row][vc_row row_btt_skin=&#8220;light&#8220; row_background_text_position=&#8220;front&#8220;][vc_column][vc_empty_space height=&#8220;30px&#8220;][\/vc_column][\/vc_row][vc_row row_btt_skin=&#8220;light&#8220; row_background_text_position=&#8220;front&#8220;][vc_column][vc_column_text css_animation=&#8220;none&#8220; css=&#8220;&#8220;]<\/p>\n<article class=\"main-content\" role=\"article\">\n<section class=\"section \">\n<div class=\"section-content\">\n<div class=\"row column\">\n<p><strong>Zodpov\u011bdn\u00fd za redak\u010dn\u00ed obsah:<br \/>\n<\/strong>Filip Kl\u00edma, Ji\u0159\u00ed \u010c\u00ed\u017eek<br \/>\nPod Lysinami 518\/28<br \/>\nPraha 4 \u2013 Hodkovi\u010dky, 147 00 (Office)<\/p>\n<\/div>\n<\/div>\n<\/section>\n<\/article>\n<p>[\/vc_column_text][\/vc_column][\/vc_row][vc_row row_btt_skin=&#8220;light&#8220; row_background_text_position=&#8220;front&#8220;][vc_column][vc_empty_space height=&#8220;30px&#8220;][\/vc_column][\/vc_row][vc_row row_btt_skin=&#8220;light&#8220; row_background_text_position=&#8220;front&#8220;][vc_column][vc_column_text css=&#8220;&#8220;]<\/p>\n<article class=\"main-content\" role=\"article\">\n<section class=\"section \">\n<div class=\"section-content\">\n<div class=\"row column\">\n<p><strong>Prohl\u00e1\u0161en\u00ed o vylou\u010den\u00ed odpov\u011bdnosti<\/strong><br \/>\nV rozhodnut\u00ed ze dne 12. kv\u011btna 1998 rozhodl Krajsk\u00fd soud v Hamburku, \u017ee um\u00edst\u011bn\u00edm odkazu m\u016f\u017ee b\u00fdt osoba spoluodpov\u011bdn\u00e1 za obsah odkazovan\u00e9 str\u00e1nky. T\u00edmto se v\u00fdslovn\u011b distancujeme od odkazovan\u00fdch str\u00e1nek.<\/p>\n<p><strong>Autorsk\u00e1 pr\u00e1va<\/strong><br \/>\nUveden\u00e9 informace lze ukl\u00e1dat, distribuovat a reprodukovat, ani\u017e by byly pozm\u011b\u0148ov\u00e1ny nebo fal\u0161ov\u00e1ny. P\u0159i distribuci nebo reprodukci mus\u00ed b\u00fdt uveden zdroj. Grafika podl\u00e9h\u00e1 autorsk\u00fdm pr\u00e1v\u016fm a nesm\u00ed b\u00fdt reprodukov\u00e1na bez svolen\u00ed autora.<\/p>\n<p><strong>Pr\u00e1va k obr\u00e1zku<\/strong><br \/>\nHEBERGER GmbH, Envato, Marcus Medwed, Petra Feldmann, H.-P. Merkle, Denise B\u00fcttner<\/p>\n<p><strong>Adres\u00e1\u0159 postup\u016f pro v\u0161echny (\u00a7 4e \u010d. 1 \u2013 8 BDSG)<\/strong><\/p>\n<div>\n<div>\n<p><strong>N\u00e1zev nebo firma odpov\u011bdn\u00e9 osoby:<\/strong><br \/>\nKBS in\u017een\u00fdrsk\u00e1 projektov\u00e1 kancel\u00e1\u0159 s.r.o<\/p>\n<p><strong>Vedouc\u00ed odpov\u011bdn\u00e9 osoby a zpracov\u00e1n\u00ed dat:<\/strong><br \/>\nFilip Kl\u00edma, Ji\u0159\u00ed \u010c\u00ed\u017eek<\/p>\n<p><strong>Adresa odpov\u011bdn\u00e9 osoby:<\/strong><br \/>\nTepl\u00e1rensk\u00e1 608\/11<br \/>\n108 00 Praha 10<\/p>\n<p><strong>\u00da\u010del shroma\u017e\u010fov\u00e1n\u00ed, zpracov\u00e1n\u00ed nebo pou\u017eit\u00ed dat:<\/strong><br \/>\nData jsou shroma\u017e\u010fov\u00e1na, zpracov\u00e1v\u00e1na a pou\u017e\u00edv\u00e1na pro vlastn\u00ed \u00fa\u010dely ve smyslu \u00a7 28 BDSG. Podle stanov spole\u010dnosti je \u00fa\u010delem spole\u010dnosti pl\u00e1nov\u00e1n\u00ed a v\u00fdstavba v\u0161ech typ\u016f budov a prov\u00e1d\u011bn\u00ed v\u0161ech typ\u016f stavebn\u00edch prac\u00ed pro vlastn\u00ed pot\u0159ebu nebo pro t\u0159et\u00ed strany, v\u010detn\u011b v\u0161ech prac\u00ed s t\u00edm p\u0159\u00edmo \u010di nep\u0159\u00edmo souvisej\u00edc\u00edch. Spole\u010dnost m\u016f\u017ee vyr\u00e1b\u011bt, nab\u00fdvat, pou\u017e\u00edvat a prod\u00e1vat movit\u00fd i nemovit\u00fd majetek.<\/p>\n<p><strong>Popis dot\u010den\u00fdch skupin osob a souvisej\u00edc\u00edch \u00fadaj\u016f nebo kategori\u00ed \u00fadaj\u016f:<\/strong><br \/>\nDot\u010den\u00e9 skupiny osob a souvisej\u00edc\u00ed \u00fadaje nebo kategorie \u00fadaj\u016f jsou odvozeny ze zam\u00fd\u0161len\u00e9ho \u00fa\u010delu (\u010d. 4). Jedn\u00e1 se p\u0159edev\u0161\u00edm o n\u00e1sleduj\u00edc\u00ed skupiny osob:<br \/>\nNa\u0161i vlastn\u00ed zam\u011bstnanci, st\u00e1\u017eist\u00e9, uchaze\u010di o zam\u011bstn\u00e1n\u00ed, klienti a jejich zam\u011bstnanci, z\u00e1kazn\u00edci, dodavatel\u00e9, poskytovatel\u00e9 slu\u017eeb, smluvn\u00ed partne\u0159i a kontaktn\u00ed osoby pro v\u00fd\u0161e uveden\u00e9 skupiny.<br \/>\n&#8230;Kategorie \u00fadaj\u016f: Kmenov\u00e1 data, faktura\u010dn\u00ed \u00fadaje, \u00fadaje o potenci\u00e1ln\u00edch z\u00e1kazn\u00edc\u00edch, \u00fadaje o z\u00e1kazn\u00edc\u00edch, smluvn\u00ed \u00fadaje, platebn\u00ed \u00fadaje, kontroln\u00ed \u00fadaje, \u00fadaje o klientech, \u00fadaje o zam\u011bstnanc\u00edch, \u00fadaje o obchodn\u00edch partnerech, \u00fadaje o dodavatel\u00edch a \u00fadaje o ve\u0159ejn\u00fdch org\u00e1nech.<br \/>\n&#8230;\u00dadaje: \u00dadaje o adrese, jm\u00e9no, datum narozen\u00ed, da\u0148ov\u00e1 \u010d\u00edsla, I\u010c DPH, informace o \u010d\u00edsle soci\u00e1ln\u00edho zabezpe\u010den\u00ed, n\u00e1bo\u017eensk\u00e1 p\u0159\u00edslu\u0161nost, bankovn\u00ed \u00fadaje, zdravotn\u00ed \u00fadaje, pl\u00e1novac\u00ed \u00fadaje, smluvn\u00ed \u00fadaje, faktura\u010dn\u00ed \u00fadaje, dobrovoln\u00e9 informace poskytnut\u00e9 subjektem \u00fadaj\u016f v rozsahu nezbytn\u00e9m k dokon\u010den\u00ed objedn\u00e1vky nebo ke zpracov\u00e1n\u00ed smlouvy. V oblasti person\u00e1ln\u00ed administrativy se ukl\u00e1daj\u00ed dopl\u0148uj\u00edc\u00ed informace o kvalifikaci, n\u00e1stupu a odchodu ze zam\u011bstn\u00e1n\u00ed, \u00fadaje o mzd\u011b a platu, \u00fadaje o d\u016fchodu a soci\u00e1ln\u00edm zabezpe\u010den\u00ed, varovn\u00e9 dopisy, certifik\u00e1ty a dokumenty k \u017e\u00e1dosti o zam\u011bstn\u00e1n\u00ed.<br \/>\nP\u0159\u00edjemci nebo kategorie p\u0159\u00edjemc\u016f, kter\u00fdm mohou b\u00fdt \u00fadaje zp\u0159\u00edstupn\u011bny:<\/p>\n<p><strong>\u017d\u00e1dn\u00e9 osobn\u00ed \u00fadaje nebudou p\u0159ed\u00e1v\u00e1ny bez souhlasu. Pokud smluvn\u00ed partner ud\u011blil v\u00fdslovn\u00fd souhlas nebo byl pou\u010den, nebo pokud p\u0159ed\u00e1v\u00e1n\u00ed \u00fadaj\u016f stanov\u00ed nad\u0159azen\u00e1 pr\u00e1vn\u00ed ustanoven\u00ed, budou \u00fadaje p\u0159ed\u00e1v\u00e1ny:<\/strong><\/p>\n<p>\u2013 Ve\u0159ejn\u00fdm org\u00e1n\u016fm (nap\u0159. finan\u010dn\u00edm \u00fa\u0159ad\u016fm, instituc\u00edm soci\u00e1ln\u00edho zabezpe\u010den\u00ed, bank\u00e1m, poji\u0161\u0165ovn\u00e1m, soud\u016fm)<br \/>\n\u2013 Intern\u00edm org\u00e1n\u016fm zapojen\u00fdm do prov\u00e1d\u011bn\u00ed p\u0159\u00edslu\u0161n\u00fdch obchodn\u00edch proces\u016f (nap\u0159. lidsk\u00e9 zdroje, \u00fa\u010detnictv\u00ed, n\u00e1kup, marketing, v\u0161eobecn\u00e1 administrativa, prodej)<br \/>\n\u2013 Extern\u00edm dodavatel\u016fm (poskytovatel\u016fm slu\u017eeb) v souladu s \u00a7 11 n\u011bmeck\u00e9ho spolkov\u00e9ho z\u00e1kona o ochran\u011b osobn\u00edch \u00fadaj\u016f (BDSG)<br \/>\n\u2013 Dal\u0161\u00edm org\u00e1n\u016fm, pokud je to nezbytn\u00e9 pro dosa\u017een\u00ed \u00fa\u010del\u016f uveden\u00fdch v bod\u011b 4.<\/p>\n<p><strong>Standardn\u00ed lh\u016fty pro v\u00fdmaz \u00fadaj\u016f:<br \/>\n<\/strong>Z\u00e1konod\u00e1rce stanovil \u0159adu povinnost\u00ed a lh\u016ft pro uchov\u00e1v\u00e1n\u00ed \u00fadaj\u016f. Po uplynut\u00ed t\u011bchto lh\u016ft budou odpov\u00eddaj\u00edc\u00ed \u00fadaje rutinn\u011b vymaz\u00e1ny, pokud ji\u017e nejsou pot\u0159eba pro pln\u011bn\u00ed smlouvy, pokud s t\u00edm nejsou v rozporu z\u00e1konn\u00e9 povinnosti a lh\u016fty pro uchov\u00e1v\u00e1n\u00ed \u00fadaj\u016f. Pokud se to net\u00fdk\u00e1 \u00fadaj\u016f, budou vymaz\u00e1ny, jakmile \u00fa\u010dely uveden\u00e9 v bod\u011b 4 ji\u017e neplat\u00ed.<\/p>\n<p><strong>Pl\u00e1novan\u00fd p\u0159enos dat do t\u0159et\u00edch zem\u00ed:<\/strong><br \/>\nP\u0159enos dat do t\u0159et\u00edch zem\u00ed se nepl\u00e1nuje. S dotazy nebo n\u00e1vrhy t\u00fdkaj\u00edc\u00edmi se ochrany dat ve spole\u010dnosti HELLWEG Badsysteme GmbH &amp; Co KG se pros\u00edm obra\u0165te na na\u0161eho pov\u011b\u0159ence pro ochranu osobn\u00edch \u00fadaj\u016f na adrese datenschutz@heberger.com.<\/p>\n<\/div>\n<\/div>\n<p><strong>Standardn\u00ed lh\u016fty pro smaz\u00e1n\u00ed dat:<\/strong><br \/>\nZ\u00e1konod\u00e1rce stanovil \u0159adu povinnost\u00ed a lh\u016ft pro uchov\u00e1v\u00e1n\u00ed dat. Po uplynut\u00ed t\u011bchto lh\u016ft budou odpov\u00eddaj\u00edc\u00ed data rutinn\u011b smaz\u00e1na, pokud ji\u017e nejsou pot\u0159eba k pln\u011bn\u00ed smlouvy, pokud s t\u00edm nejsou v rozporu z\u00e1konn\u00e9 povinnosti a lh\u016fty pro uchov\u00e1v\u00e1n\u00ed dat. Pokud se to net\u00fdk\u00e1 dat, budou smaz\u00e1na, jakmile pominou \u00fa\u010dely uveden\u00e9 v bod\u011b 4.<\/p>\n<\/div>\n<\/div>\n<\/section>\n<\/article>\n<p>[\/vc_column_text][\/vc_column][\/vc_row][vc_row row_btt_skin=&#8220;light&#8220; row_background_text_position=&#8220;front&#8220;][vc_column][vc_empty_space height=&#8220;60px&#8220;][\/vc_column][\/vc_row]<\/p>\n<\/div>","protected":false},"excerpt":{"rendered":"<p>[vc_row row_btt_skin=&#8220;light&#8220; row_background_text_position=&#8220;front&#8220;][vc_column][vc_column_text css=&#8220;&#8220;] Otisk [\/vc_column_text][\/vc_column][\/vc_row][vc_row row_btt_skin=&#8220;light&#8220; row_background_text_position=&#8220;front&#8220;][vc_column][vc_empty_space height=&#8220;60px&#8220;][\/vc_column][\/vc_row][vc_row row_btt_skin=&#8220;light&#8220; row_background_text_position=&#8220;front&#8220;][vc_column width=&#8220;1\/2&#8243;][vc_column_text css=&#8220;&#8220;] Editor KBS in\u017een\u00fdrsk\u00e1 projektov\u00e1 kancel\u00e1\u0159 s.r.o Tepl\u00e1rensk\u00e1 608\/11 108 00 Praha 10 Telefon +420 270 006 777 E-Mail: kbs@kbs-praha.cz [\/vc_column_text][\/vc_column][vc_column width=&#8220;1\/2&#8243;][\/vc_column][\/vc_row][vc_row row_btt_skin=&#8220;light&#8220; row_background_text_position=&#8220;front&#8220;][vc_column][vc_empty_space height=&#8220;30px&#8220;][\/vc_column][\/vc_row][vc_row row_btt_skin=&#8220;light&#8220; row_background_text_position=&#8220;front&#8220;][vc_column][vc_column_text css_animation=&#8220;none&#8220; [&hellip;]<\/p>\n","protected":false},"author":1,"featured_media":0,"parent":0,"menu_order":0,"comment_status":"closed","ping_status":"closed","template":"","meta":{"footnotes":""},"class_list":["post-20951","page","type-page","status-publish","hentry"],"yoast_head":"<!-- This site is optimized with the Yoast SEO plugin v26.6 - https:\/\/yoast.com\/wordpress\/plugins\/seo\/ -->\n<title>HEBERGER - Otisk<\/title>\n<meta name=\"robots\" content=\"index, follow, max-snippet:-1, max-image-preview:large, max-video-preview:-1\" \/>\n<link rel=\"canonical\" href=\"https:\/\/kbs.heberger.co\/cs\/otisk\/\" \/>\n<meta property=\"og:locale\" content=\"cs_CZ\" \/>\n<meta property=\"og:type\" content=\"article\" \/>\n<meta property=\"og:title\" content=\"HEBERGER - Otisk\" \/>\n<meta property=\"og:description\" content=\"[vc_row row_btt_skin=&#8220;light&#8220; row_background_text_position=&#8220;front&#8220;][vc_column][vc_column_text css=&#8220;&#8220;] Otisk [\/vc_column_text][\/vc_column][\/vc_row][vc_row row_btt_skin=&#8220;light&#8220; row_background_text_position=&#8220;front&#8220;][vc_column][vc_empty_space height=&#8220;60px&#8220;][\/vc_column][\/vc_row][vc_row row_btt_skin=&#8220;light&#8220; row_background_text_position=&#8220;front&#8220;][vc_column width=&#8220;1\/2&#8243;][vc_column_text css=&#8220;&#8220;] Editor KBS in\u017een\u00fdrsk\u00e1 projektov\u00e1 kancel\u00e1\u0159 s.r.o Tepl\u00e1rensk\u00e1 608\/11 108 00 Praha 10 Telefon +420 270 006 777 E-Mail: kbs@kbs-praha.cz [\/vc_column_text][\/vc_column][vc_column width=&#8220;1\/2&#8243;][\/vc_column][\/vc_row][vc_row row_btt_skin=&#8220;light&#8220; row_background_text_position=&#8220;front&#8220;][vc_column][vc_empty_space height=&#8220;30px&#8220;][\/vc_column][\/vc_row][vc_row row_btt_skin=&#8220;light&#8220; row_background_text_position=&#8220;front&#8220;][vc_column][vc_column_text css_animation=&#8220;none&#8220; [&hellip;]\" \/>\n<meta property=\"og:url\" content=\"https:\/\/kbs.heberger.co\/cs\/otisk\/\" \/>\n<meta property=\"og:site_name\" content=\"HEBERGER\" \/>\n<meta property=\"article:publisher\" content=\"https:\/\/www.facebook.com\/hebergerbau\" \/>\n<meta property=\"article:modified_time\" content=\"2025-10-16T07:10:35+00:00\" \/>\n<meta name=\"twitter:card\" content=\"summary_large_image\" \/>\n<meta name=\"twitter:label1\" content=\"Odhadovan\u00e1 doba \u010dten\u00ed\" \/>\n\t<meta name=\"twitter:data1\" content=\"4 minuty\" \/>\n<script type=\"application\/ld+json\" class=\"yoast-schema-graph\">{\"@context\":\"https:\/\/schema.org\",\"@graph\":[{\"@type\":\"WebPage\",\"@id\":\"https:\/\/kbs.heberger.co\/cs\/otisk\/\",\"url\":\"https:\/\/kbs.heberger.co\/cs\/otisk\/\",\"name\":\"HEBERGER - Otisk\",\"isPartOf\":{\"@id\":\"https:\/\/kbs.heberger.co\/cs\/#website\"},\"datePublished\":\"2023-03-27T05:22:17+00:00\",\"dateModified\":\"2025-10-16T07:10:35+00:00\",\"breadcrumb\":{\"@id\":\"https:\/\/kbs.heberger.co\/cs\/otisk\/#breadcrumb\"},\"inLanguage\":\"cs\",\"potentialAction\":[{\"@type\":\"ReadAction\",\"target\":[\"https:\/\/kbs.heberger.co\/cs\/otisk\/\"]}]},{\"@type\":\"BreadcrumbList\",\"@id\":\"https:\/\/kbs.heberger.co\/cs\/otisk\/#breadcrumb\",\"itemListElement\":[{\"@type\":\"ListItem\",\"position\":1,\"name\":\"Startseite\",\"item\":\"https:\/\/kbs.heberger.co\/cs\/\"},{\"@type\":\"ListItem\",\"position\":2,\"name\":\"Otisk\"}]},{\"@type\":\"WebSite\",\"@id\":\"https:\/\/kbs.heberger.co\/cs\/#website\",\"url\":\"https:\/\/kbs.heberger.co\/cs\/\",\"name\":\"HEBERGER\",\"description\":\"Planen - Beraten - Bauen\",\"publisher\":{\"@id\":\"https:\/\/kbs.heberger.co\/cs\/#organization\"},\"potentialAction\":[{\"@type\":\"SearchAction\",\"target\":{\"@type\":\"EntryPoint\",\"urlTemplate\":\"https:\/\/kbs.heberger.co\/cs\/?s={search_term_string}\"},\"query-input\":{\"@type\":\"PropertyValueSpecification\",\"valueRequired\":true,\"valueName\":\"search_term_string\"}}],\"inLanguage\":\"cs\"},{\"@type\":\"Organization\",\"@id\":\"https:\/\/kbs.heberger.co\/cs\/#organization\",\"name\":\"HEBERGER GRUPPE\",\"url\":\"https:\/\/kbs.heberger.co\/cs\/\",\"logo\":{\"@type\":\"ImageObject\",\"inLanguage\":\"cs\",\"@id\":\"https:\/\/kbs.heberger.co\/cs\/#\/schema\/logo\/image\/\",\"url\":\"\",\"contentUrl\":\"\",\"caption\":\"HEBERGER GRUPPE\"},\"image\":{\"@id\":\"https:\/\/kbs.heberger.co\/cs\/#\/schema\/logo\/image\/\"},\"sameAs\":[\"https:\/\/www.facebook.com\/hebergerbau\"]}]}<\/script>\n<!-- \/ Yoast SEO plugin. -->","yoast_head_json":{"title":"HEBERGER - Otisk","robots":{"index":"index","follow":"follow","max-snippet":"max-snippet:-1","max-image-preview":"max-image-preview:large","max-video-preview":"max-video-preview:-1"},"canonical":"https:\/\/kbs.heberger.co\/cs\/otisk\/","og_locale":"cs_CZ","og_type":"article","og_title":"HEBERGER - Otisk","og_description":"[vc_row row_btt_skin=&#8220;light&#8220; row_background_text_position=&#8220;front&#8220;][vc_column][vc_column_text css=&#8220;&#8220;] Otisk [\/vc_column_text][\/vc_column][\/vc_row][vc_row row_btt_skin=&#8220;light&#8220; row_background_text_position=&#8220;front&#8220;][vc_column][vc_empty_space height=&#8220;60px&#8220;][\/vc_column][\/vc_row][vc_row row_btt_skin=&#8220;light&#8220; row_background_text_position=&#8220;front&#8220;][vc_column width=&#8220;1\/2&#8243;][vc_column_text css=&#8220;&#8220;] Editor KBS in\u017een\u00fdrsk\u00e1 projektov\u00e1 kancel\u00e1\u0159 s.r.o Tepl\u00e1rensk\u00e1 608\/11 108 00 Praha 10 Telefon +420 270 006 777 E-Mail: kbs@kbs-praha.cz [\/vc_column_text][\/vc_column][vc_column width=&#8220;1\/2&#8243;][\/vc_column][\/vc_row][vc_row row_btt_skin=&#8220;light&#8220; row_background_text_position=&#8220;front&#8220;][vc_column][vc_empty_space height=&#8220;30px&#8220;][\/vc_column][\/vc_row][vc_row row_btt_skin=&#8220;light&#8220; row_background_text_position=&#8220;front&#8220;][vc_column][vc_column_text css_animation=&#8220;none&#8220; [&hellip;]","og_url":"https:\/\/kbs.heberger.co\/cs\/otisk\/","og_site_name":"HEBERGER","article_publisher":"https:\/\/www.facebook.com\/hebergerbau","article_modified_time":"2025-10-16T07:10:35+00:00","twitter_card":"summary_large_image","twitter_misc":{"Odhadovan\u00e1 doba \u010dten\u00ed":"4 minuty"},"schema":{"@context":"https:\/\/schema.org","@graph":[{"@type":"WebPage","@id":"https:\/\/kbs.heberger.co\/cs\/otisk\/","url":"https:\/\/kbs.heberger.co\/cs\/otisk\/","name":"HEBERGER - Otisk","isPartOf":{"@id":"https:\/\/kbs.heberger.co\/cs\/#website"},"datePublished":"2023-03-27T05:22:17+00:00","dateModified":"2025-10-16T07:10:35+00:00","breadcrumb":{"@id":"https:\/\/kbs.heberger.co\/cs\/otisk\/#breadcrumb"},"inLanguage":"cs","potentialAction":[{"@type":"ReadAction","target":["https:\/\/kbs.heberger.co\/cs\/otisk\/"]}]},{"@type":"BreadcrumbList","@id":"https:\/\/kbs.heberger.co\/cs\/otisk\/#breadcrumb","itemListElement":[{"@type":"ListItem","position":1,"name":"Startseite","item":"https:\/\/kbs.heberger.co\/cs\/"},{"@type":"ListItem","position":2,"name":"Otisk"}]},{"@type":"WebSite","@id":"https:\/\/kbs.heberger.co\/cs\/#website","url":"https:\/\/kbs.heberger.co\/cs\/","name":"HEBERGER","description":"Planen - Beraten - Bauen","publisher":{"@id":"https:\/\/kbs.heberger.co\/cs\/#organization"},"potentialAction":[{"@type":"SearchAction","target":{"@type":"EntryPoint","urlTemplate":"https:\/\/kbs.heberger.co\/cs\/?s={search_term_string}"},"query-input":{"@type":"PropertyValueSpecification","valueRequired":true,"valueName":"search_term_string"}}],"inLanguage":"cs"},{"@type":"Organization","@id":"https:\/\/kbs.heberger.co\/cs\/#organization","name":"HEBERGER GRUPPE","url":"https:\/\/kbs.heberger.co\/cs\/","logo":{"@type":"ImageObject","inLanguage":"cs","@id":"https:\/\/kbs.heberger.co\/cs\/#\/schema\/logo\/image\/","url":"","contentUrl":"","caption":"HEBERGER GRUPPE"},"image":{"@id":"https:\/\/kbs.heberger.co\/cs\/#\/schema\/logo\/image\/"},"sameAs":["https:\/\/www.facebook.com\/hebergerbau"]}]}},"_links":{"self":[{"href":"https:\/\/kbs.heberger.co\/cs\/wp-json\/wp\/v2\/pages\/20951","targetHints":{"allow":["GET"]}}],"collection":[{"href":"https:\/\/kbs.heberger.co\/cs\/wp-json\/wp\/v2\/pages"}],"about":[{"href":"https:\/\/kbs.heberger.co\/cs\/wp-json\/wp\/v2\/types\/page"}],"author":[{"embeddable":true,"href":"https:\/\/kbs.heberger.co\/cs\/wp-json\/wp\/v2\/users\/1"}],"replies":[{"embeddable":true,"href":"https:\/\/kbs.heberger.co\/cs\/wp-json\/wp\/v2\/comments?post=20951"}],"version-history":[{"count":8,"href":"https:\/\/kbs.heberger.co\/cs\/wp-json\/wp\/v2\/pages\/20951\/revisions"}],"predecessor-version":[{"id":22889,"href":"https:\/\/kbs.heberger.co\/cs\/wp-json\/wp\/v2\/pages\/20951\/revisions\/22889"}],"wp:attachment":[{"href":"https:\/\/kbs.heberger.co\/cs\/wp-json\/wp\/v2\/media?parent=20951"}],"curies":[{"name":"wp","href":"https:\/\/api.w.org\/{rel}","templated":true}]}}