{"id":9279,"date":"2018-12-18T10:02:14","date_gmt":"2018-12-18T09:02:14","guid":{"rendered":"https:\/\/kbs.heberger.co\/kontakt\/"},"modified":"2025-11-12T12:42:35","modified_gmt":"2025-11-12T11:42:35","slug":"kontakt","status":"publish","type":"page","link":"https:\/\/kbs.heberger.co\/en\/kontakt\/","title":{"rendered":"Kontakt"},"content":{"rendered":"<div class=\"wpb-content-wrapper\"><p>[vc_row full_width=&#8221;stretch_row_content_no_spaces&#8221; row_btt_skin=&#8221;light&#8221; row_background_text_position=&#8221;front&#8221; row_skin=&#8221;dark&#8221; css=&#8221;.vc_custom_1705573342267{background-position: center !important;background-repeat: no-repeat !important;background-size: cover !important;}&#8221; el_class=&#8221;teaser-top&#8221;][vc_column]<div class=\"mkdf-single-image-holder   \">\n    <div class=\"mkdf-si-inner\" >\n                                                            <\/div>\n<\/div>[\/vc_column][\/vc_row][vc_row row_content_width=&#8221;grid&#8221; row_btt_skin=&#8221;light&#8221; row_background_text_position=&#8221;front&#8221; content_width=&#8221;grid&#8221; css=&#8221;.vc_custom_1709034968685{margin-top: 30px !important;}&#8221;][vc_column offset=&#8221;vc_col-lg-offset-0 vc_col-md-offset-0 vc_col-sm-offset-0&#8243;][vc_raw_html]JTVCYnJlYWRjcnVtYiU1RA==[\/vc_raw_html][\/vc_column][\/vc_row][vc_row row_btt_skin=&#8221;light&#8221; row_background_text_position=&#8221;front&#8221;][vc_column offset=&#8221;vc_col-lg-offset-0 vc_col-md-offset-0 vc_col-sm-offset-0&#8243;][vc_row_inner row_content_width=&#8221;grid&#8221; css=&#8221;.vc_custom_1708945219083{margin-top: 60px !important;}&#8221;][vc_column_inner width=&#8221;1\/4&#8243;][vc_column_text css=&#8221;&#8221;]<\/p>\n<h4>KBS In\u017een\u00fdrsk\u00e1 projektov\u00e1 kancel\u00e1\u0159 s.r.o<\/h4>\n<p>[\/vc_column_text][vc_empty_space height=&#8221;14px&#8221;][vc_column_text css=&#8221;&#8221;]Tepl\u00e1rensk\u00e1 608\/11<br \/>\nPraha 10, 108 00 (S\u00eddlo)[\/vc_column_text][vc_column_text css=&#8221;&#8221;]Pod Lysinami 518\/28<br \/>\nPraha 4 &#8211; Hodkovi\u010dky, 147 00 (Office)[\/vc_column_text][vc_column_text css=&#8221;&#8221;]Ing. Ji\u0159\u00ed \u010c\u00ed\u017eek +420 602 276 605<br \/>\nIng. Filip Kl\u00edma +420 724 643 924<\/p>\n<p>kbs@kbs-praha.cz[\/vc_column_text][\/vc_column_inner][vc_column_inner width=&#8221;3\/4&#8243;][vc_column_text css=&#8221;&#8221;]\r\n            \r\n            \r\n            \r\n            <a name='map3'><\/a>\r\n            \r\n            \r\n            \r\n            \r\n            <div class=\"wpgmza_map \"  id=\"wpgmza_map_3\" style=\"display:block; overflow:auto; width:100%; height:600px; float:left;\" data-settings='{\"id\":\"3\",\"map_title\":\"KBS Standorte\",\"map_width\":\"100\",\"map_height\":\"600\",\"map_start_lat\":\"50.06330633946175\",\"map_start_lng\":\"14.473757963574215\",\"map_start_location\":\"45.950464398418106,-109.81550500000003\",\"map_start_zoom\":\"12\",\"default_marker\":\"\",\"type\":\"0\",\"alignment\":\"4\",\"directions_enabled\":\"0\",\"styling_enabled\":\"0\",\"styling_json\":\"\",\"active\":\"0\",\"kml\":\"\",\"bicycle\":\"0\",\"traffic\":\"0\",\"dbox\":\"1\",\"dbox_width\":\"\",\"listmarkers\":\"0\",\"listmarkers_advanced\":\"0\",\"filterbycat\":\"0\",\"ugm_enabled\":\"0\",\"ugm_category_enabled\":\"0\",\"fusion\":\"\",\"map_width_type\":\"%\",\"map_height_type\":\"px\",\"mass_marker_support\":\"0\",\"ugm_access\":\"0\",\"order_markers_by\":\"1\",\"order_markers_choice\":\"1\",\"show_user_location\":\"0\",\"default_to\":\"\",\"other_settings\":{\"map_type\":1,\"sl_stroke_color\":\"#000000\",\"sl_fill_color\":\"#000000\",\"sl_stroke_opacity\":\"\",\"sl_fill_opacity\":\"\",\"transport_layer\":false,\"action\":\"wpgmza_save_map\",\"redirect_to\":\"\\\/wp-admin\\\/admin-post.php\",\"map_id\":\"3\",\"http_referer\":\"\\\/wp-admin\\\/admin.php?page=wp-google-maps-menu&amp;amp;action=edit&amp;amp;map_id=1\",\"wpgmza_id\":\"1\",\"wpgmza_start_location\":\"50.06330633946175,14.473757963574215\",\"wpgmza_start_zoom\":\"12\",\"store_locator_enabled\":false,\"store_locator_search_area\":\"radial\",\"wpgmza_store_locator_radius_style\":\"legacy\",\"wpgmza_store_locator_default_radius\":\"10\",\"store_locator_auto_area_max_zoom\":\"\",\"store_locator_distance\":false,\"wpgmza_store_locator_position\":false,\"store_locator_show_distance\":false,\"store_locator_category\":false,\"wpgmza_store_locator_use_their_location\":false,\"wpgmza_store_locator_bounce\":false,\"wpgmza_sl_animation\":\"0\",\"wpgmza_store_locator_hide_before_search\":false,\"store_locator_query_string\":\"\",\"store_locator_location_placeholder\":\"\",\"store_locator_default_address\":\"\",\"store_locator_name_search\":false,\"store_locator_name_string\":\"\",\"store_locator_not_found_message\":\"\",\"wpgmza_map_align\":\"1\",\"jump_to_nearest_marker_on_initialization\":false,\"automatically_pan_to_users_location\":false,\"override_users_location_zoom_level\":false,\"override_users_location_zoom_levels\":\"\",\"show_distance_from_location\":false,\"map_max_zoom\":\"21\",\"map_min_zoom\":\"0\",\"click_open_link\":false,\"fit_maps_bounds_to_markers\":false,\"fit_maps_bounds_to_markers_after_filtering\":false,\"hide_point_of_interest\":false,\"wpgmza_zoom_on_marker_click\":false,\"wpgmza_zoom_on_marker_click_slider\":\"\",\"close_infowindow_on_map_click\":false,\"disable_lightbox_images\":false,\"use_Raw_Jpeg_Coordinates\":false,\"disable_polygon_info_windows\":false,\"enable_marker_ratings\":false,\"only_load_markers_within_viewport\":false,\"iw_primary_color\":\"#ffffff\",\"iw_accent_color\":\"#ffffff\",\"iw_text_color\":\"#ffffff\",\"wpgmza_listmarkers_by\":\"0\",\"wpgmza_marker_listing_position\":false,\"zoom_level_on_marker_listing_override\":false,\"zoom_level_on_marker_listing_click\":\"\",\"marker_listing_disable_zoom\":false,\"datatable_no_result_message\":\"\",\"remove_search_box_datables\":false,\"dataTable_pagination_style\":\"default\",\"datatable_search_string\":\"\",\"datatable_result_start\":\"\",\"datatable_result_of\":\"\",\"datatable_result_to\":\"\",\"datatable_result_total\":\"\",\"datatable_result_show\":\"\",\"datatable_result_entries\":\"\",\"wpgmza_savemap\":\"Karte speichern \\u00bb\",\"shortcodeAttributes\":{\"id\":\"3\"},\"wpgmza_dbox_width_type\":\"%\",\"default_from\":\"\",\"directions_behaviour\":\"default\",\"force_google_directions_app\":false,\"directions_route_origin_icon\":\"https:\\\/\\\/kbs.heberger.co\\\/wp-content\\\/plugins\\\/wp-google-maps\\\/images\\\/spotlight-poi3.png\",\"directions_origin_retina\":false,\"directions_route_destination_icon\":\"https:\\\/\\\/kbs.heberger.co\\\/wp-content\\\/plugins\\\/wp-google-maps\\\/images\\\/spotlight-poi3.png\",\"directions_destination_retina\":false,\"directions_route_stroke_color\":\"#4f8df5\",\"directions_route_stroke_weight\":\"4\",\"directions_route_stroke_opacity\":\"0.8\",\"directions_fit_bounds_to_route\":false,\"wpgmza_store_locator_restrict\":\"\",\"upload_default_sl_marker\":\"\",\"upload_default_sl_marker_retina\":false,\"retina\":false,\"upload_default_ul_marker\":\"\",\"upload_default_ul_marker_retina\":false,\"enable_advanced_custom_fields_integration\":false,\"enable_toolset_woocommerce_integration\":false,\"enable_woo_product_integration\":false,\"enable_marker_labels\":false,\"zoom_level_mobile_override_enabled\":false,\"zoom_level_mobile_override\":\"\",\"wpgmza_iw_type\":\"-1\"}}' data-map-id='3' data-shortcode-attributes='{\"id\":\"3\"}'> <\/div>\r\n            \r\n               \r\n        [\/vc_column_text][\/vc_column_inner][\/vc_row_inner][\/vc_column][\/vc_row][vc_row row_btt_skin=&#8221;light&#8221; row_background_text_position=&#8221;front&#8221;][vc_column][vc_empty_space height=&#8221;120px&#8221;][\/vc_column][\/vc_row]<\/p>\n<\/div>","protected":false},"excerpt":{"rendered":"<p>[vc_row full_width=&#8221;stretch_row_content_no_spaces&#8221; row_btt_skin=&#8221;light&#8221; row_background_text_position=&#8221;front&#8221; row_skin=&#8221;dark&#8221; css=&#8221;.vc_custom_1705573342267{background-position: center !important;background-repeat: no-repeat !important;background-size: cover !important;}&#8221; el_class=&#8221;teaser-top&#8221;][vc_column][\/vc_column][\/vc_row][vc_row row_content_width=&#8221;grid&#8221; row_btt_skin=&#8221;light&#8221; row_background_text_position=&#8221;front&#8221; content_width=&#8221;grid&#8221; css=&#8221;.vc_custom_1709034968685{margin-top: 30px !important;}&#8221;][vc_column offset=&#8221;vc_col-lg-offset-0 vc_col-md-offset-0 vc_col-sm-offset-0&#8243;][vc_raw_html]JTVCYnJlYWRjcnVtYiU1RA==[\/vc_raw_html][\/vc_column][\/vc_row][vc_row row_btt_skin=&#8221;light&#8221; row_background_text_position=&#8221;front&#8221;][vc_column offset=&#8221;vc_col-lg-offset-0 vc_col-md-offset-0 vc_col-sm-offset-0&#8243;][vc_row_inner row_content_width=&#8221;grid&#8221; css=&#8221;.vc_custom_1708945219083{margin-top: 60px !important;}&#8221;][vc_column_inner width=&#8221;1\/4&#8243;][vc_column_text css=&#8221;&#8221;] KBS In\u017een\u00fdrsk\u00e1 projektov\u00e1 kancel\u00e1\u0159 s.r.o [\/vc_column_text][vc_empty_space [&hellip;]<\/p>\n","protected":false},"author":1,"featured_media":0,"parent":0,"menu_order":0,"comment_status":"closed","ping_status":"closed","template":"full-width.php","meta":{"footnotes":""},"class_list":["post-9279","page","type-page","status-publish","hentry"],"yoast_head":"<!-- This site is optimized with the Yoast SEO plugin v26.6 - https:\/\/yoast.com\/wordpress\/plugins\/seo\/ -->\n<title>HEBERGER - Kontakt<\/title>\n<meta name=\"description\" content=\"Kontaktieren Sie unsere Zentrale in Deutschland - Niederlassung Spanien Balearen - Niederlassung Spanien Festland\" \/>\n<meta name=\"robots\" content=\"index, follow, max-snippet:-1, max-image-preview:large, max-video-preview:-1\" \/>\n<link rel=\"canonical\" href=\"https:\/\/kbs.heberger.co\/en\/kontakt\/\" \/>\n<meta property=\"og:locale\" content=\"en_US\" \/>\n<meta property=\"og:type\" content=\"article\" \/>\n<meta property=\"og:title\" content=\"HEBERGER - Kontakt\" \/>\n<meta property=\"og:description\" content=\"Kontaktieren Sie unsere Zentrale in Deutschland - Niederlassung Spanien Balearen - Niederlassung Spanien Festland\" \/>\n<meta property=\"og:url\" content=\"https:\/\/kbs.heberger.co\/en\/kontakt\/\" \/>\n<meta property=\"og:site_name\" content=\"HEBERGER\" \/>\n<meta property=\"article:publisher\" content=\"https:\/\/www.facebook.com\/hebergerbau\" \/>\n<meta property=\"article:modified_time\" content=\"2025-11-12T11:42:35+00:00\" \/>\n<meta name=\"twitter:card\" content=\"summary_large_image\" \/>\n<meta name=\"twitter:label1\" content=\"Est. reading time\" \/>\n\t<meta name=\"twitter:data1\" content=\"1 minute\" \/>\n<script type=\"application\/ld+json\" class=\"yoast-schema-graph\">{\"@context\":\"https:\/\/schema.org\",\"@graph\":[{\"@type\":\"WebPage\",\"@id\":\"https:\/\/kbs.heberger.co\/en\/kontakt\/\",\"url\":\"https:\/\/kbs.heberger.co\/en\/kontakt\/\",\"name\":\"HEBERGER - Kontakt\",\"isPartOf\":{\"@id\":\"https:\/\/kbs.heberger.co\/en\/#website\"},\"datePublished\":\"2018-12-18T09:02:14+00:00\",\"dateModified\":\"2025-11-12T11:42:35+00:00\",\"description\":\"Kontaktieren Sie unsere Zentrale in Deutschland - Niederlassung Spanien Balearen - Niederlassung Spanien Festland\",\"breadcrumb\":{\"@id\":\"https:\/\/kbs.heberger.co\/en\/kontakt\/#breadcrumb\"},\"inLanguage\":\"en-US\",\"potentialAction\":[{\"@type\":\"ReadAction\",\"target\":[\"https:\/\/kbs.heberger.co\/en\/kontakt\/\"]}]},{\"@type\":\"BreadcrumbList\",\"@id\":\"https:\/\/kbs.heberger.co\/en\/kontakt\/#breadcrumb\",\"itemListElement\":[{\"@type\":\"ListItem\",\"position\":1,\"name\":\"Startseite\",\"item\":\"https:\/\/kbs.heberger.co\/en\/\"},{\"@type\":\"ListItem\",\"position\":2,\"name\":\"Kontakt\"}]},{\"@type\":\"WebSite\",\"@id\":\"https:\/\/kbs.heberger.co\/en\/#website\",\"url\":\"https:\/\/kbs.heberger.co\/en\/\",\"name\":\"HEBERGER\",\"description\":\"Planning - Consulting - Building\",\"publisher\":{\"@id\":\"https:\/\/kbs.heberger.co\/en\/#organization\"},\"potentialAction\":[{\"@type\":\"SearchAction\",\"target\":{\"@type\":\"EntryPoint\",\"urlTemplate\":\"https:\/\/kbs.heberger.co\/en\/?s={search_term_string}\"},\"query-input\":{\"@type\":\"PropertyValueSpecification\",\"valueRequired\":true,\"valueName\":\"search_term_string\"}}],\"inLanguage\":\"en-US\"},{\"@type\":\"Organization\",\"@id\":\"https:\/\/kbs.heberger.co\/en\/#organization\",\"name\":\"HEBERGER GRUPPE\",\"url\":\"https:\/\/kbs.heberger.co\/en\/\",\"logo\":{\"@type\":\"ImageObject\",\"inLanguage\":\"en-US\",\"@id\":\"https:\/\/kbs.heberger.co\/en\/#\/schema\/logo\/image\/\",\"url\":\"\",\"contentUrl\":\"\",\"caption\":\"HEBERGER GRUPPE\"},\"image\":{\"@id\":\"https:\/\/kbs.heberger.co\/en\/#\/schema\/logo\/image\/\"},\"sameAs\":[\"https:\/\/www.facebook.com\/hebergerbau\"]}]}<\/script>\n<!-- \/ Yoast SEO plugin. -->","yoast_head_json":{"title":"HEBERGER - Kontakt","description":"Kontaktieren Sie unsere Zentrale in Deutschland - Niederlassung Spanien Balearen - Niederlassung Spanien Festland","robots":{"index":"index","follow":"follow","max-snippet":"max-snippet:-1","max-image-preview":"max-image-preview:large","max-video-preview":"max-video-preview:-1"},"canonical":"https:\/\/kbs.heberger.co\/en\/kontakt\/","og_locale":"en_US","og_type":"article","og_title":"HEBERGER - Kontakt","og_description":"Kontaktieren Sie unsere Zentrale in Deutschland - Niederlassung Spanien Balearen - Niederlassung Spanien Festland","og_url":"https:\/\/kbs.heberger.co\/en\/kontakt\/","og_site_name":"HEBERGER","article_publisher":"https:\/\/www.facebook.com\/hebergerbau","article_modified_time":"2025-11-12T11:42:35+00:00","twitter_card":"summary_large_image","twitter_misc":{"Est. reading time":"1 minute"},"schema":{"@context":"https:\/\/schema.org","@graph":[{"@type":"WebPage","@id":"https:\/\/kbs.heberger.co\/en\/kontakt\/","url":"https:\/\/kbs.heberger.co\/en\/kontakt\/","name":"HEBERGER - Kontakt","isPartOf":{"@id":"https:\/\/kbs.heberger.co\/en\/#website"},"datePublished":"2018-12-18T09:02:14+00:00","dateModified":"2025-11-12T11:42:35+00:00","description":"Kontaktieren Sie unsere Zentrale in Deutschland - Niederlassung Spanien Balearen - Niederlassung Spanien Festland","breadcrumb":{"@id":"https:\/\/kbs.heberger.co\/en\/kontakt\/#breadcrumb"},"inLanguage":"en-US","potentialAction":[{"@type":"ReadAction","target":["https:\/\/kbs.heberger.co\/en\/kontakt\/"]}]},{"@type":"BreadcrumbList","@id":"https:\/\/kbs.heberger.co\/en\/kontakt\/#breadcrumb","itemListElement":[{"@type":"ListItem","position":1,"name":"Startseite","item":"https:\/\/kbs.heberger.co\/en\/"},{"@type":"ListItem","position":2,"name":"Kontakt"}]},{"@type":"WebSite","@id":"https:\/\/kbs.heberger.co\/en\/#website","url":"https:\/\/kbs.heberger.co\/en\/","name":"HEBERGER","description":"Planning - Consulting - Building","publisher":{"@id":"https:\/\/kbs.heberger.co\/en\/#organization"},"potentialAction":[{"@type":"SearchAction","target":{"@type":"EntryPoint","urlTemplate":"https:\/\/kbs.heberger.co\/en\/?s={search_term_string}"},"query-input":{"@type":"PropertyValueSpecification","valueRequired":true,"valueName":"search_term_string"}}],"inLanguage":"en-US"},{"@type":"Organization","@id":"https:\/\/kbs.heberger.co\/en\/#organization","name":"HEBERGER GRUPPE","url":"https:\/\/kbs.heberger.co\/en\/","logo":{"@type":"ImageObject","inLanguage":"en-US","@id":"https:\/\/kbs.heberger.co\/en\/#\/schema\/logo\/image\/","url":"","contentUrl":"","caption":"HEBERGER GRUPPE"},"image":{"@id":"https:\/\/kbs.heberger.co\/en\/#\/schema\/logo\/image\/"},"sameAs":["https:\/\/www.facebook.com\/hebergerbau"]}]}},"_links":{"self":[{"href":"https:\/\/kbs.heberger.co\/en\/wp-json\/wp\/v2\/pages\/9279","targetHints":{"allow":["GET"]}}],"collection":[{"href":"https:\/\/kbs.heberger.co\/en\/wp-json\/wp\/v2\/pages"}],"about":[{"href":"https:\/\/kbs.heberger.co\/en\/wp-json\/wp\/v2\/types\/page"}],"author":[{"embeddable":true,"href":"https:\/\/kbs.heberger.co\/en\/wp-json\/wp\/v2\/users\/1"}],"replies":[{"embeddable":true,"href":"https:\/\/kbs.heberger.co\/en\/wp-json\/wp\/v2\/comments?post=9279"}],"version-history":[{"count":8,"href":"https:\/\/kbs.heberger.co\/en\/wp-json\/wp\/v2\/pages\/9279\/revisions"}],"predecessor-version":[{"id":23005,"href":"https:\/\/kbs.heberger.co\/en\/wp-json\/wp\/v2\/pages\/9279\/revisions\/23005"}],"wp:attachment":[{"href":"https:\/\/kbs.heberger.co\/en\/wp-json\/wp\/v2\/media?parent=9279"}],"curies":[{"name":"wp","href":"https:\/\/api.w.org\/{rel}","templated":true}]}}